{"id":355,"date":"2025-10-04T08:42:15","date_gmt":"2025-10-04T06:42:15","guid":{"rendered":"https:\/\/m4bizz.pl\/?post_type=product&#038;p=355"},"modified":"2025-10-27T18:55:27","modified_gmt":"2025-10-27T17:55:27","slug":"lipoedema-lipostukcja-bez-tajemnic","status":"publish","type":"product","link":"https:\/\/m4bizz.pl\/index.php\/produkt\/lipoedema-lipostukcja-bez-tajemnic\/","title":{"rendered":"Lipoedema. Lipostukcja bez tajemnic"},"content":{"rendered":"<p>ksi\u0105\u017cka jest niezb\u0119dnym przewodnikiem na drodze ka\u017cdej kobiety z lipoedem\u0105. Zawarte w niej informacje i wskaz\u00f3wki s\u0105 drogocenne i oferuj\u0105 pomoc na ka\u017cdym etapie w tej trudnej oraz bolesnej drodze.<\/p>\n","protected":false},"excerpt":{"rendered":"<p>ksi\u0105\u017cka jest niezb\u0119dnym przewodnikiem na drodze ka\u017cdej kobiety z lipoedem\u0105. Zawarte w niej informacje i wskaz\u00f3wki s\u0105 drogocenne i oferuj\u0105 pomoc na ka\u017cdym etapie w tej trudnej oraz bolesnej drodze.<\/p>\n","protected":false},"featured_media":336,"comment_status":"open","ping_status":"closed","template":"","meta":{"_et_pb_use_builder":"","_et_pb_old_content":"","_et_gb_content_width":""},"product_brand":[],"product_cat":[29],"product_tag":[31],"class_list":{"0":"post-355","1":"product","2":"type-product","3":"status-publish","4":"has-post-thumbnail","6":"product_cat-ksiazka","7":"product_tag-lipoedema","9":"first","10":"instock","11":"taxable","12":"shipping-taxable","13":"purchasable","14":"product-type-simple"},"_links":{"self":[{"href":"https:\/\/m4bizz.pl\/index.php\/wp-json\/wp\/v2\/product\/355","targetHints":{"allow":["GET"]}}],"collection":[{"href":"https:\/\/m4bizz.pl\/index.php\/wp-json\/wp\/v2\/product"}],"about":[{"href":"https:\/\/m4bizz.pl\/index.php\/wp-json\/wp\/v2\/types\/product"}],"replies":[{"embeddable":true,"href":"https:\/\/m4bizz.pl\/index.php\/wp-json\/wp\/v2\/comments?post=355"}],"wp:featuredmedia":[{"embeddable":true,"href":"https:\/\/m4bizz.pl\/index.php\/wp-json\/wp\/v2\/media\/336"}],"wp:attachment":[{"href":"https:\/\/m4bizz.pl\/index.php\/wp-json\/wp\/v2\/media?parent=355"}],"wp:term":[{"taxonomy":"product_brand","embeddable":true,"href":"https:\/\/m4bizz.pl\/index.php\/wp-json\/wp\/v2\/product_brand?post=355"},{"taxonomy":"product_cat","embeddable":true,"href":"https:\/\/m4bizz.pl\/index.php\/wp-json\/wp\/v2\/product_cat?post=355"},{"taxonomy":"product_tag","embeddable":true,"href":"https:\/\/m4bizz.pl\/index.php\/wp-json\/wp\/v2\/product_tag?post=355"}],"curies":[{"name":"wp","href":"https:\/\/api.w.org\/{rel}","templated":true}]}}